{"id":6089,"date":"2021-12-20T18:25:59","date_gmt":"2021-12-20T18:25:59","guid":{"rendered":"https:\/\/www.4ward4x4.com\/company\/engage4x4\/"},"modified":"2021-03-29T16:51:37","modified_gmt":"2021-03-29T16:51:37","slug":"land-rover-accessories","status":"publish","type":"page","link":"https:\/\/www.4ward4x4.com\/en\/land-rover-accessories\/","title":{"rendered":"Land Rover Accessories"},"content":{"rendered":"<div id=\"full_slider_1\" class=\"avia-fullwidth-slider main_color avia-shadow   avia-builder-el-0  el_before_av_one_full  avia-builder-el-first   container_wrap fullsize\">\n<style type=\"text\/css\" data-created_by=\"avia_inline_auto\" id=\"style-css-av-u8k0l5-eda4e17e52a4d5691763f4bca167cce0\">\n#top #wrap_all .avia-slideshow .av-slideshow-caption.av-u8k0l5-eda4e17e52a4d5691763f4bca167cce0__0 .avia-caption-title{\ncolor:#848484;\n}\n#top .avia-slideshow .av-slideshow-caption.av-u8k0l5-eda4e17e52a4d5691763f4bca167cce0__0 .avia-caption-content{\ncolor:#ffffff;\n}\n<\/style>\n<div class=\"avia-slideshow av-u8k0l5-eda4e17e52a4d5691763f4bca167cce0 avia-slideshow-no scaling av_slideshow_full avia-slide-slider av-slideshow-ui av-control-default av-slideshow-manual av-loop-once av-loop-manual-endless av-default-height-applied   avia-slideshow-1\" data-slideshow-options='{\"animation\":\"slide\",\"autoplay\":false,\"loop_autoplay\":\"once\",\"interval\":1,\"loop_manual\":\"manual-endless\",\"autoplay_stopper\":false,\"noNavigation\":false,\"bg_slider\":false,\"keep_padding\":false,\"hoverpause\":false,\"show_slide_delay\":0}' itemprop=\"image\" itemscope=\"itemscope\" itemtype=\"https:\/\/schema.org\/ImageObject\"><ul class=\"avia-slideshow-inner \" style=\"padding-bottom: 28.666666666667%;\"><li class=\"avia-slideshow-slide av-u8k0l5-eda4e17e52a4d5691763f4bca167cce0__0  av-single-slide slide-1 slide-odd\"><div data-rel=\"slideshow-1\" class=\"avia-slide-wrap \"><img decoding=\"async\" fetchpriority=\"high\" class=\"wp-image-6928 avia-img-lazy-loading-not-6928\" src=\"https:\/\/www.4ward4x4.com\/wp-content\/uploads\/2013\/12\/Land-Rover-Zubeh%C3%B6r.jpg\" width=\"1500\" height=\"430\" title=\"Land-Rover-accessories\" alt=\"High quality accessories\" itemprop=\"thumbnailUrl\" srcset=\"https:\/\/www.4ward4x4.com\/wp-content\/uploads\/2013\/12\/Land-Rover-Zubeh&ouml;r.jpg 1500w, https:\/\/www.4ward4x4.com\/wp-content\/uploads\/2013\/12\/Land-Rover-Zubeh&ouml;r-300x86.jpg 300w, https:\/\/www.4ward4x4.com\/wp-content\/uploads\/2013\/12\/Land-Rover-Zubeh&ouml;r-1030x295.jpg 1030w, https:\/\/www.4ward4x4.com\/wp-content\/uploads\/2013\/12\/Land-Rover-Zubeh&ouml;r-705x202.jpg 705w, https:\/\/www.4ward4x4.com\/wp-content\/uploads\/2013\/12\/Land-Rover-Zubeh&ouml;r-450x129.jpg 450w\" sizes=\"(max-width: 1500px) 100vw, 1500px\"><\/div><\/li><\/ul><\/div><\/div><div id=\"after_full_slider_1\" class=\"main_color av_default_container_wrap container_wrap fullsize\"><div class=\"container av-section-cont-open\"><div class=\"template-page content  av-content-full alpha units\"><div class=\"post-entry post-entry-type-page post-entry-6089\"><div class=\"entry-content-wrapper clearfix\">\n\n<style type=\"text\/css\" data-created_by=\"avia_inline_auto\" id=\"style-css-av-s36it5-1786283989f434f5aca5c81fd5fad9d4\">\n.flex_column.av-s36it5-1786283989f434f5aca5c81fd5fad9d4{\nborder-radius:0px 0px 0px 0px;\npadding:0px 0px 0px 0px;\n}\n<\/style>\n<div class=\"flex_column av-s36it5-1786283989f434f5aca5c81fd5fad9d4 av_one_full  avia-builder-el-1  el_after_av_slideshow_full  el_before_av_hr  avia-builder-el-first  first flex_column_div av-zero-column-padding  \"><p>\n<style type=\"text\/css\" data-created_by=\"avia_inline_auto\" id=\"style-css-av-kmutuds3-d6b0161c4574770caa190ac2524e7b72\">\n#top .av-special-heading.av-kmutuds3-d6b0161c4574770caa190ac2524e7b72{\npadding-bottom:10px;\n}\nbody .av-special-heading.av-kmutuds3-d6b0161c4574770caa190ac2524e7b72 .av-special-heading-tag .heading-char{\nfont-size:25px;\n}\n.av-special-heading.av-kmutuds3-d6b0161c4574770caa190ac2524e7b72 .av-subheading{\nfont-size:15px;\n}\n<\/style>\n<\/p><div class=\"av-special-heading av-kmutuds3-d6b0161c4574770caa190ac2524e7b72 av-special-heading-h1 blockquote modern-quote modern-centered  avia-builder-el-2  el_before_av_hr  avia-builder-el-first \"><h1 class=\"av-special-heading-tag \" itemprop=\"headline\">Land Rover Accessories and Equipment<\/h1><div class=\"special-heading-border\"><div class=\"special-heading-inner-border\"><\/div><\/div><\/div><br>\n\n<style type=\"text\/css\" data-created_by=\"avia_inline_auto\" id=\"style-css-av-ozpynd-bf943e9c590675155f376aabf8c3dcaf\">\n#top .hr.av-ozpynd-bf943e9c590675155f376aabf8c3dcaf{\nmargin-top:30px;\nmargin-bottom:30px;\n}\n.hr.av-ozpynd-bf943e9c590675155f376aabf8c3dcaf .hr-inner{\nwidth:50px;\nborder-color:#f00e0e;\n}\n<\/style>\n<div class=\"hr av-ozpynd-bf943e9c590675155f376aabf8c3dcaf hr-custom  avia-builder-el-3  el_after_av_heading  el_before_av_textblock  hr-center hr-icon-no\"><span class=\"hr-inner inner-border-av-border-fat\"><span class=\"hr-inner-style\"><\/span><\/span><\/div><br>\n<section class=\"av_textblock_section av-omucu1-c5f0e77a88ba4c50af2c13df0faeab12 \" itemscope=\"itemscope\" itemtype=\"https:\/\/schema.org\/CreativeWork\"><div class=\"avia_textblock\" itemprop=\"text\"><p>2007 4WARD4X4 started to develop under the own brand ENGAGE4X4 high quality Land Rover accessories for the&nbsp;Defender which is all produced and manufactured in Germany. Meanwhile, the brand ENGAGE4X4 ranks among one of the most recognized logos regarding off-road accessories for professional applications. ENGAGE4X4 Land Rover accessories are built in army Defender, in the forest, for working Defender vehicles and even successful in Rally Raid Land Rover Defenders. Especially the Land Rover Defender accessories are other competitors always one step ahead in quality, function and durability. Our own CAD development, elaborate product tests and sophisticated ideas and patents raise ENGAGE4X4 Land Rover Defender Accessories and Offroad Expeditions equipment far from other manufacturers.<\/p>\n<h2>Strong Offroad and Defender Brands Needs Strong Partners &ndash; 4WARD4X4<\/h2>\n<p>New products usually do not occur in a suit and tie at the desk, but in practice in labor input, such as forestry, to off-road travel, in use, field or in desert -. Marathon Rally as Grand Erg. Together with our partners and our friends, we are implementing their own ideas. A new product is created. Together with our partners.<\/p>\n<p>Land Rover Accessories for Defender in the following Categories:<\/p>\n<p>Vehicle protection | Suspension | Expedition | Roof rack | Drive train<\/p>\n<p>Approved Defender accessories<\/p>\n<\/div><\/section><br>\n\n<style type=\"text\/css\" data-created_by=\"avia_inline_auto\" id=\"style-css-av-mcxbpl-bd6acbf8ea9ad94f6d15ac4de77fbd34\">\n#top .av-special-heading.av-mcxbpl-bd6acbf8ea9ad94f6d15ac4de77fbd34{\npadding-bottom:10px;\n}\nbody .av-special-heading.av-mcxbpl-bd6acbf8ea9ad94f6d15ac4de77fbd34 .av-special-heading-tag .heading-char{\nfont-size:25px;\n}\n.av-special-heading.av-mcxbpl-bd6acbf8ea9ad94f6d15ac4de77fbd34 .av-subheading{\nfont-size:15px;\n}\n<\/style>\n<div class=\"av-special-heading av-mcxbpl-bd6acbf8ea9ad94f6d15ac4de77fbd34 av-special-heading-h3 blockquote modern-quote modern-centered  avia-builder-el-5  el_after_av_textblock  el_before_av_textblock \"><h3 class=\"av-special-heading-tag \" itemprop=\"headline\">Other Land Rover Accessorie Brands<\/h3><div class=\"special-heading-border\"><div class=\"special-heading-inner-border\"><\/div><\/div><\/div><br>\n<section class=\"av_textblock_section av-k2qv2x-e210573b2efded48e8376ce6a2d6dfec \" itemscope=\"itemscope\" itemtype=\"https:\/\/schema.org\/CreativeWork\"><div class=\"avia_textblock\" itemprop=\"text\"><h3>4WARD4X4 owns most TUV parts certificate for Land Rover&nbsp;Accessories worldwide.<\/h3>\n<p>We look forward to seeing you at the ENGAGE4X4 Website.<\/p>\n<p>4WARD4X4 also works with other partners for Land Rover accessories. So we are able to supply various Land Rover accessories from well-known manufacturers. We only use parts and accessories which have been well tested by ourselves. And which also seems technically useful for us. All partner companies and their Land Rover Defender accessories products have been successfully tested by us over a long period of time. This includes brands such as EX-TEC, Frontrunner, Mud Stuff or Mantec and many more.<\/p>\n<p>Land Rover Accessories for Defender in the fields of:<\/p>\n<p>Vehicle protection Chassis | Expedition | roof rack drive train<\/p>\n<p>Certified Defender accessories<\/p>\n<p>4WARD4X4 has the most T&Uuml;V certification for Defender accessories worldwide<\/p>\n<div id=\"attachment_6104\" style=\"width: 200px\" class=\"wp-caption alignleft\"><a href=\"https:\/\/www.4ward4x4.com\/wp-content\/uploads\/2015\/02\/tuv1.png\" target=\"_blank\" rel=\"https:\/\/www.4ward4x4.com\/safety-devices-aussenkaefig-tuev\/ noopener\"><img loading=\"lazy\" decoding=\"async\" aria-describedby=\"caption-attachment-6104\" class=\"wp-image-6104\" title=\"Land Rover Zubeh&ouml;r mit T&uuml;v\" src=\"https:\/\/www.4ward4x4.com\/wp-content\/uploads\/2015\/02\/tuv1.png\" alt=\"T&Uuml;V Gutachten 4WARD4X4 f&uuml;r Land Rover Zubeh&ouml;r\" width=\"190\" height=\"190\" srcset=\"https:\/\/www.4ward4x4.com\/wp-content\/uploads\/2015\/02\/tuv1.png 400w, https:\/\/www.4ward4x4.com\/wp-content\/uploads\/2015\/02\/tuv1-300x300.png 300w\" sizes=\"auto, (max-width: 190px) 100vw, 190px\"><\/a><p id=\"caption-attachment-6104\" class=\"wp-caption-text\">Land Rover Accessories made in Germany<\/p><\/div>\n<p>Land Rover Accessories&nbsp;for Defender Land Rover TUV approved Accessories <\/p>\n<\/div><\/section><\/div>\n<style type=\"text\/css\" data-created_by=\"avia_inline_auto\" id=\"style-css-av-jlfd3d-cb5dc12eb4e3e7f930ea4b43ad56095e\">\n#top .hr.av-jlfd3d-cb5dc12eb4e3e7f930ea4b43ad56095e{\nmargin-top:30px;\nmargin-bottom:30px;\n}\n.hr.av-jlfd3d-cb5dc12eb4e3e7f930ea4b43ad56095e .hr-inner{\nwidth:50px;\nborder-color:#e61717;\n}\n<\/style>\n<div class=\"hr av-jlfd3d-cb5dc12eb4e3e7f930ea4b43ad56095e hr-custom  avia-builder-el-7  el_after_av_one_full  el_before_av_heading  hr-center hr-icon-no\"><span class=\"hr-inner inner-border-av-border-thin\"><span class=\"hr-inner-style\"><\/span><\/span><\/div>\n\n<style type=\"text\/css\" data-created_by=\"avia_inline_auto\" id=\"style-css-av-hmluop-5bcc03040a6b63fe916ad153da80977d\">\n#top .av-special-heading.av-hmluop-5bcc03040a6b63fe916ad153da80977d{\npadding-bottom:10px;\n}\nbody .av-special-heading.av-hmluop-5bcc03040a6b63fe916ad153da80977d .av-special-heading-tag .heading-char{\nfont-size:25px;\n}\n.av-special-heading.av-hmluop-5bcc03040a6b63fe916ad153da80977d .av-subheading{\nfont-size:15px;\n}\n<\/style>\n<div class=\"av-special-heading av-hmluop-5bcc03040a6b63fe916ad153da80977d av-special-heading-h3 blockquote modern-quote modern-centered  avia-builder-el-8  el_after_av_hr  el_before_av_partner \"><h3 class=\"av-special-heading-tag \" itemprop=\"headline\">Some Partners from 4WARD4X4<\/h3><div class=\"special-heading-border\"><div class=\"special-heading-inner-border\"><\/div><\/div><\/div>\n\n<style type=\"text\/css\" data-created_by=\"avia_inline_auto\" id=\"style-css-av-fi2sl5-560334c3e2912ea4fc59de3f4729ea57\">\n.avia-logo-element-container.av-fi2sl5-560334c3e2912ea4fc59de3f4729ea57 .av-partner-fake-img{\nbackground-size:cover;\n}\n<\/style>\n<div class=\"avia-logo-element-container av-fi2sl5-560334c3e2912ea4fc59de3f4729ea57 avia-logo-grid avia-content-slider avia-smallarrow-slider avia-content-grid-active noHover avia-content-slider-even  avia-builder-el-9  el_after_av_heading  avia-builder-el-last  avia-content-slider1\"><div class=\"avia-smallarrow-slider-heading  no-logo-slider-heading \"><div class=\"new-special-heading\">&nbsp;<\/div><\/div><div class=\"avia-content-slider-inner\"><div class=\"slide-entry-wrap\"><div class=\"slide-entry av-dn4dw9-be59ede12d4e4e0cc4ae60f8cb4ed9ce flex_column no_margin av_one_fourth real-thumbnail post-entry slide-entry-overview slide-loop-1 slide-parity-odd  first\"><span class=\"av-partner-fake-img\" style=\"padding-bottom:49.815498154982%; background-image:url(https:\/\/www.4ward4x4.com\/wp-content\/uploads\/2014\/07\/marlow-logo-e1519842323739.jpg);\"><\/span><\/div><div class=\"slide-entry av-cu0aex-ae28814472c7a962996f5c9943594104 flex_column no_margin av_one_fourth real-thumbnail post-entry slide-entry-overview slide-loop-2 slide-parity-even  \"><span class=\"av-partner-fake-img\" style=\"padding-bottom:49.815498154982%; background-image:url(https:\/\/www.4ward4x4.com\/wp-content\/uploads\/2014\/07\/tx-1-e1519842304734.jpg);\"><\/span><\/div><div class=\"slide-entry av-b21ow9-c08d37747ca527eaf566103b18e27a67 flex_column no_margin av_one_fourth real-thumbnail post-entry slide-entry-overview slide-loop-3 slide-parity-odd  \"><span class=\"av-partner-fake-img\" style=\"padding-bottom:49.815498154982%; background-image:url(https:\/\/www.4ward4x4.com\/wp-content\/uploads\/2014\/07\/SW-BLUE-FLOT-bl-e1519842266599.jpg);\"><\/span><\/div><div class=\"slide-entry av-9mk4i1-db5b8c92df7ea669f12378c40c8cb229 flex_column no_margin av_one_fourth real-thumbnail post-entry slide-entry-overview slide-loop-4 slide-parity-even  \"><span class=\"av-partner-fake-img\" style=\"padding-bottom:49.815498154982%; background-image:url(https:\/\/www.4ward4x4.com\/wp-content\/uploads\/2014\/07\/superwinch-e1519842240651.jpg);\"><\/span><\/div><\/div><div class=\"slide-entry-wrap\"><div class=\"slide-entry av-6xl97d-ce7b5005d9de329beb91cb5e9eb3b5ae flex_column no_margin av_one_fourth real-thumbnail post-entry slide-entry-overview slide-loop-5 slide-parity-odd  first\"><span class=\"av-partner-fake-img\" style=\"padding-bottom:49.815498154982%; background-image:url(https:\/\/www.4ward4x4.com\/wp-content\/uploads\/2014\/07\/safety-devices-logo-e1519842206150.jpg);\"><\/span><\/div><div class=\"slide-entry av-67jbrt-04717ac6167866275e7b5670240294a8 flex_column no_margin av_one_fourth real-thumbnail post-entry slide-entry-overview slide-loop-6 slide-parity-even  \"><span class=\"av-partner-fake-img\" style=\"padding-bottom:49.815498154982%; background-image:url(https:\/\/www.4ward4x4.com\/wp-content\/uploads\/2014\/07\/oram-logo-e1519842184270.jpg);\"><\/span><\/div><div class=\"slide-entry av-4lfuk9-5ecb9aa96f1996bec64caea7e95f6ac7 flex_column no_margin av_one_fourth real-thumbnail post-entry slide-entry-overview slide-loop-7 slide-parity-odd  \"><span class=\"av-partner-fake-img\" style=\"padding-bottom:49.815498154982%; background-image:url(https:\/\/www.4ward4x4.com\/wp-content\/uploads\/2014\/07\/lr-logo-e1519842164143.jpg);\"><\/span><\/div><div class=\"slide-entry av-2gsafd-e1e6437398fb78ab65b3a4d67b078bdb flex_column no_margin av_one_fourth real-thumbnail post-entry slide-entry-overview slide-loop-8 slide-parity-even post-entry-last \"><span class=\"av-partner-fake-img\" style=\"padding-bottom:49.815498154982%; background-image:url(https:\/\/www.4ward4x4.com\/wp-content\/uploads\/2014\/07\/enge-e1519842108691.jpg);\"><\/span><\/div><\/div><\/div><\/div>\n<\/div><\/div><\/div><\/div><\/div>","protected":false},"excerpt":{"rendered":"<p>Die Firma 4WARD4X4 z\u00e4hlt zu den wichtigsten Lieferanten f\u00fcr Land Rover Zubeh\u00f6r in Deutschland. Besonders f\u00fcr den Land Rover Defender konnte in den letzten Jahren ein breites Spektrum an Land Rover Zubeh\u00f6r entwickelt und gefertigt werden. Die eigenen Marke ENGAGE4X4 wurde bereits im Jahr 2007 gegr\u00fcndet. Im Jahr 2013 hatte 4WARD4X4 die meisten T\u00dcV Teilegutachten f\u00fcr den Land Rover Defender weltweit.<\/p>\n","protected":false},"author":1,"featured_media":0,"parent":0,"menu_order":0,"comment_status":"closed","ping_status":"closed","template":"","meta":{"footnotes":""},"class_list":["post-6089","page","type-page","status-publish","hentry"],"_links":{"self":[{"href":"https:\/\/www.4ward4x4.com\/en\/wp-json\/wp\/v2\/pages\/6089","targetHints":{"allow":["GET"]}}],"collection":[{"href":"https:\/\/www.4ward4x4.com\/en\/wp-json\/wp\/v2\/pages"}],"about":[{"href":"https:\/\/www.4ward4x4.com\/en\/wp-json\/wp\/v2\/types\/page"}],"author":[{"embeddable":true,"href":"https:\/\/www.4ward4x4.com\/en\/wp-json\/wp\/v2\/users\/1"}],"replies":[{"embeddable":true,"href":"https:\/\/www.4ward4x4.com\/en\/wp-json\/wp\/v2\/comments?post=6089"}],"version-history":[{"count":0,"href":"https:\/\/www.4ward4x4.com\/en\/wp-json\/wp\/v2\/pages\/6089\/revisions"}],"wp:attachment":[{"href":"https:\/\/www.4ward4x4.com\/en\/wp-json\/wp\/v2\/media?parent=6089"}],"curies":[{"name":"wp","href":"https:\/\/api.w.org\/{rel}","templated":true}]}}